{"id":1541,"date":"2023-03-22T15:06:52","date_gmt":"2023-03-22T15:06:52","guid":{"rendered":"https:\/\/arcticemotions.com\/?page_id=1541"},"modified":"2024-02-06T11:57:45","modified_gmt":"2024-02-06T11:57:45","slug":"majoitus","status":"publish","type":"page","link":"https:\/\/arcticemotions.com\/en\/majoitus","title":{"rendered":"majoitus"},"content":{"rendered":"<div data-elementor-type=\"wp-page\" data-elementor-id=\"1541\" class=\"elementor elementor-1541\">\n\t\t\t\t\t\t<section class=\"elementor-section elementor-top-section elementor-element elementor-element-2b7600b1 elementor-section-full_width elementor-section-height-min-height elementor-section-height-default elementor-section-items-middle\" data-id=\"2b7600b1\" data-element_type=\"section\" data-settings=\"{&quot;background_background&quot;:&quot;classic&quot;}\">\n\t\t\t\t\t\t<div class=\"elementor-container elementor-column-gap-default\">\n\t\t\t\t\t<div class=\"elementor-column elementor-col-100 elementor-top-column elementor-element elementor-element-47c2d097\" data-id=\"47c2d097\" data-element_type=\"column\" data-settings=\"{&quot;background_background&quot;:&quot;classic&quot;}\">\n\t\t\t<div class=\"elementor-widget-wrap elementor-element-populated\">\n\t\t\t\t\t\t<div class=\"elementor-element elementor-element-4265a741 elementor-widget elementor-widget-heading\" data-id=\"4265a741\" data-element_type=\"widget\" data-widget_type=\"heading.default\">\n\t\t\t\t<div class=\"elementor-widget-container\">\n\t\t\t\t\t<h2 class=\"elementor-heading-title elementor-size-default\"><i>Majoitus<\/i><\/h2>\t\t\t\t<\/div>\n\t\t\t\t<\/div>\n\t\t\t\t\t<\/div>\n\t\t<\/div>\n\t\t\t\t\t<\/div>\n\t\t<\/section>\n\t\t\t\t<section class=\"elementor-section elementor-top-section elementor-element elementor-element-55236e29 elementor-section-boxed elementor-section-height-default elementor-section-height-default\" data-id=\"55236e29\" data-element_type=\"section\">\n\t\t\t\t\t\t<div class=\"elementor-container elementor-column-gap-default\">\n\t\t\t\t\t<div class=\"elementor-column elementor-col-100 elementor-top-column elementor-element elementor-element-7c92e1b3\" data-id=\"7c92e1b3\" data-element_type=\"column\">\n\t\t\t<div class=\"elementor-widget-wrap elementor-element-populated\">\n\t\t\t\t\t\t<div class=\"elementor-element elementor-element-63031598 elementor-widget elementor-widget-spacer\" data-id=\"63031598\" data-element_type=\"widget\" data-widget_type=\"spacer.default\">\n\t\t\t\t<div class=\"elementor-widget-container\">\n\t\t\t\t\t\t\t<div class=\"elementor-spacer\">\n\t\t\t<div class=\"elementor-spacer-inner\"><\/div>\n\t\t<\/div>\n\t\t\t\t\t\t<\/div>\n\t\t\t\t<\/div>\n\t\t\t\t\t<\/div>\n\t\t<\/div>\n\t\t\t\t\t<\/div>\n\t\t<\/section>\n\t\t\t\t<section class=\"elementor-section elementor-top-section elementor-element elementor-element-143bafae elementor-section-boxed elementor-section-height-default elementor-section-height-default\" data-id=\"143bafae\" data-element_type=\"section\">\n\t\t\t\t\t\t<div class=\"elementor-container elementor-column-gap-default\">\n\t\t\t\t\t<div class=\"elementor-column elementor-col-100 elementor-top-column elementor-element elementor-element-26a7256b\" data-id=\"26a7256b\" data-element_type=\"column\">\n\t\t\t<div class=\"elementor-widget-wrap elementor-element-populated\">\n\t\t\t\t\t\t<div class=\"elementor-element elementor-element-7da5e674 elementor-widget elementor-widget-text-editor\" data-id=\"7da5e674\" data-element_type=\"widget\" data-widget_type=\"text-editor.default\">\n\t\t\t\t<div class=\"elementor-widget-container\">\n\t\t\t\t\t\t\t\t\t<p>Pajukent\u00e4n Majatalo tarjoaa aamiaismajoitusta p\u00e4\u00e4talon yl\u00e4kerrassa sek\u00e4 piham\u00f6kiss\u00e4. Majoitustilaa on kokonaisuudessa 8 hengelle.\u00a0<\/p><p>\u00a0<\/p><div class=\"info-row\"><strong><label>VARAUKSET:<\/label><\/strong><div class=\"info-row-content\"><p><a href=\"https:\/\/www.airbnb.fi\/rooms\/22082093?location=Tervola&amp;s=ZMW__MHF\">Yl\u00e4kertatilat<\/a>\u00a05:lle\u00a0 (2+3)<\/p><p>Romanttinen <a href=\"https:\/\/www.airbnb.fi\/rooms\/18938542?location=Tervola&amp;s=ZMW__MHF\">piham\u00f6kki<\/a> kahdelle saunan kera.<\/p><p>Tiedustelut s\u00e4hk\u00f6postilla tai puhelimitse.<\/p><\/div><\/div>\t\t\t\t\t\t\t\t<\/div>\n\t\t\t\t<\/div>\n\t\t\t\t\t<\/div>\n\t\t<\/div>\n\t\t\t\t\t<\/div>\n\t\t<\/section>\n\t\t\t\t<section class=\"elementor-section elementor-top-section elementor-element elementor-element-6c32d1e elementor-section-boxed elementor-section-height-default elementor-section-height-default\" data-id=\"6c32d1e\" data-element_type=\"section\">\n\t\t\t\t\t\t<div class=\"elementor-container elementor-column-gap-default\">\n\t\t\t\t\t<div class=\"elementor-column elementor-col-100 elementor-top-column elementor-element elementor-element-653d55d\" data-id=\"653d55d\" data-element_type=\"column\">\n\t\t\t<div class=\"elementor-widget-wrap elementor-element-populated\">\n\t\t\t\t\t\t<div class=\"elementor-element elementor-element-5a45d3f elementor-widget elementor-widget-video\" data-id=\"5a45d3f\" data-element_type=\"widget\" data-settings=\"{&quot;youtube_url&quot;:&quot;https:\\\/\\\/youtu.be\\\/PciZGFtph8U&quot;,&quot;video_type&quot;:&quot;youtube&quot;,&quot;controls&quot;:&quot;yes&quot;}\" data-widget_type=\"video.default\">\n\t\t\t\t<div class=\"elementor-widget-container\">\n\t\t\t\t\t\t\t<div class=\"elementor-wrapper elementor-open-inline\">\n\t\t\t<div class=\"elementor-video\"><\/div>\t\t<\/div>\n\t\t\t\t\t\t<\/div>\n\t\t\t\t<\/div>\n\t\t\t\t\t<\/div>\n\t\t<\/div>\n\t\t\t\t\t<\/div>\n\t\t<\/section>\n\t\t\t\t<section class=\"elementor-section elementor-top-section elementor-element elementor-element-166c294c elementor-section-boxed elementor-section-height-default elementor-section-height-default\" data-id=\"166c294c\" data-element_type=\"section\">\n\t\t\t\t\t\t<div class=\"elementor-container elementor-column-gap-default\">\n\t\t\t\t\t<div class=\"elementor-column elementor-col-100 elementor-top-column elementor-element elementor-element-e342eec\" data-id=\"e342eec\" data-element_type=\"column\">\n\t\t\t<div class=\"elementor-widget-wrap elementor-element-populated\">\n\t\t\t\t\t\t<div class=\"elementor-element elementor-element-6c68cdf7 elementor-widget elementor-widget-text-editor\" data-id=\"6c68cdf7\" data-element_type=\"widget\" data-widget_type=\"text-editor.default\">\n\t\t\t\t<div class=\"elementor-widget-container\">\n\t\t\t\t\t\t\t\t\t<p>Arctic Emotions Oy<br \/>Vaarakoskentie 65<br \/>95340 Loue, Tervola<br \/>info (at) arcticemotions.com<\/p><p>\u00a0<\/p><p><strong>S\u00e4hk\u00f6posti:<\/strong><br \/>first name (at) arcticemotions.com<\/p><p>\u00a0<\/p><p><strong>Elina Miettunen<\/strong><br \/>+358 (0)44 2388 977<\/p><p><br \/><strong>Pauliina Myllyl\u00e4<\/strong><br \/>+358 (0)44 2389 000<\/p>\t\t\t\t\t\t\t\t<\/div>\n\t\t\t\t<\/div>\n\t\t\t\t\t<\/div>\n\t\t<\/div>\n\t\t\t\t\t<\/div>\n\t\t<\/section>\n\t\t\t\t<section class=\"elementor-section elementor-top-section elementor-element elementor-element-467a4d16 elementor-section-full_width elementor-section-height-default elementor-section-height-default\" data-id=\"467a4d16\" data-element_type=\"section\">\n\t\t\t\t\t\t<div class=\"elementor-container elementor-column-gap-no\">\n\t\t\t\t\t<div class=\"elementor-column elementor-col-100 elementor-top-column elementor-element elementor-element-3e25fbcc\" data-id=\"3e25fbcc\" data-element_type=\"column\">\n\t\t\t<div class=\"elementor-widget-wrap elementor-element-populated\">\n\t\t\t\t\t\t<div class=\"elementor-element elementor-element-68e4be71 elementor-widget elementor-widget-google_maps\" data-id=\"68e4be71\" data-element_type=\"widget\" data-widget_type=\"google_maps.default\">\n\t\t\t\t<div class=\"elementor-widget-container\">\n\t\t\t\t\t\t\t<div class=\"elementor-custom-embed\">\n\t\t\t<iframe loading=\"lazy\"\n\t\t\t\t\tsrc=\"https:\/\/maps.google.com\/maps?q=vaarakoskentie%2065%20loue&#038;t=m&#038;z=15&#038;output=embed&#038;iwloc=near\"\n\t\t\t\t\ttitle=\"vaarakoskentie 65 loue\"\n\t\t\t\t\taria-label=\"vaarakoskentie 65 loue\"\n\t\t\t><\/iframe>\n\t\t<\/div>\n\t\t\t\t\t\t<\/div>\n\t\t\t\t<\/div>\n\t\t\t\t\t<\/div>\n\t\t<\/div>\n\t\t\t\t\t<\/div>\n\t\t<\/section>\n\t\t\t\t<\/div>","protected":false},"excerpt":{"rendered":"<p>Majoitus Pajukent\u00e4n Majatalo tarjoaa aamiaismajoitusta p\u00e4\u00e4talon yl\u00e4kerrassa sek\u00e4 piham\u00f6kiss\u00e4. Majoitustilaa on kokonaisuudessa 8 hengelle.\u00a0 \u00a0 VARAUKSET: Yl\u00e4kertatilat\u00a05:lle\u00a0 (2+3) Romanttinen piham\u00f6kki kahdelle saunan kera. Tiedustelut s\u00e4hk\u00f6postilla tai puhelimitse. https:\/\/youtu.be\/PciZGFtph8U Arctic Emotions OyVaarakoskentie 6595340 Loue, Tervolainfo (at) arcticemotions.com \u00a0 S\u00e4hk\u00f6posti:first name (at) arcticemotions.com \u00a0 Elina Miettunen+358 (0)44 2388 977 Pauliina Myllyl\u00e4+358 (0)44 2389 000<\/p>","protected":false},"author":1,"featured_media":0,"parent":0,"menu_order":0,"comment_status":"closed","ping_status":"closed","template":"","meta":{"site-sidebar-layout":"no-sidebar","site-content-layout":"page-builder","ast-site-content-layout":"default","site-content-style":"default","site-sidebar-style":"default","ast-global-header-display":"","ast-banner-title-visibility":"","ast-main-header-display":"","ast-hfb-above-header-display":"","ast-hfb-below-header-display":"","ast-hfb-mobile-header-display":"","site-post-title":"disabled","ast-breadcrumbs-content":"","ast-featured-img":"disabled","footer-sml-layout":"","ast-disable-related-posts":"","theme-transparent-header-meta":"","adv-header-id-meta":"","stick-header-meta":"","header-above-stick-meta":"","header-main-stick-meta":"","header-below-stick-meta":"","astra-migrate-meta-layouts":"default","ast-page-background-enabled":"default","ast-page-background-meta":{"desktop":{"background-color":"var(--ast-global-color-4)","background-image":"","background-repeat":"repeat","background-position":"center center","background-size":"auto","background-attachment":"scroll","background-type":"","background-media":"","overlay-type":"","overlay-color":"","overlay-opacity":"","overlay-gradient":""},"tablet":{"background-color":"","background-image":"","background-repeat":"repeat","background-position":"center center","background-size":"auto","background-attachment":"scroll","background-type":"","background-media":"","overlay-type":"","overlay-color":"","overlay-opacity":"","overlay-gradient":""},"mobile":{"background-color":"","background-image":"","background-repeat":"repeat","background-position":"center center","background-size":"auto","background-attachment":"scroll","background-type":"","background-media":"","overlay-type":"","overlay-color":"","overlay-opacity":"","overlay-gradient":""}},"ast-content-background-meta":{"desktop":{"background-color":"var(--ast-global-color-5)","background-image":"","background-repeat":"repeat","background-position":"center center","background-size":"auto","background-attachment":"scroll","background-type":"","background-media":"","overlay-type":"","overlay-color":"","overlay-opacity":"","overlay-gradient":""},"tablet":{"background-color":"var(--ast-global-color-5)","background-image":"","background-repeat":"repeat","background-position":"center center","background-size":"auto","background-attachment":"scroll","background-type":"","background-media":"","overlay-type":"","overlay-color":"","overlay-opacity":"","overlay-gradient":""},"mobile":{"background-color":"var(--ast-global-color-5)","background-image":"","background-repeat":"repeat","background-position":"center center","background-size":"auto","background-attachment":"scroll","background-type":"","background-media":"","overlay-type":"","overlay-color":"","overlay-opacity":"","overlay-gradient":""}},"footnotes":""},"class_list":["post-1541","page","type-page","status-publish","hentry"],"yoast_head":"<!-- This site is optimized with the Yoast SEO plugin v27.5 - https:\/\/yoast.com\/product\/yoast-seo-wordpress\/ -->\n<title>majoitus - Arctic Emotions<\/title>\n<meta name=\"robots\" content=\"index, follow, max-snippet:-1, max-image-preview:large, max-video-preview:-1\" \/>\n<link rel=\"canonical\" href=\"https:\/\/aedev.teesalonkisylvia.fi\/majoitus\" \/>\n<meta property=\"og:locale\" content=\"en_GB\" \/>\n<meta property=\"og:type\" content=\"article\" \/>\n<meta property=\"og:title\" content=\"majoitus - Arctic Emotions\" \/>\n<meta property=\"og:description\" content=\"Majoitus Pajukent\u00e4n Majatalo tarjoaa aamiaismajoitusta p\u00e4\u00e4talon yl\u00e4kerrassa sek\u00e4 piham\u00f6kiss\u00e4. Majoitustilaa on kokonaisuudessa 8 hengelle.\u00a0 \u00a0 VARAUKSET: Yl\u00e4kertatilat\u00a05:lle\u00a0 (2+3) Romanttinen piham\u00f6kki kahdelle saunan kera. Tiedustelut s\u00e4hk\u00f6postilla tai puhelimitse. https:\/\/youtu.be\/PciZGFtph8U Arctic Emotions OyVaarakoskentie 6595340 Loue, Tervolainfo (at) arcticemotions.com \u00a0 S\u00e4hk\u00f6posti:first name (at) arcticemotions.com \u00a0 Elina Miettunen+358 (0)44 2388 977 Pauliina Myllyl\u00e4+358 (0)44 2389 000\" \/>\n<meta property=\"og:url\" content=\"https:\/\/aedev.teesalonkisylvia.fi\/majoitus\" \/>\n<meta property=\"og:site_name\" content=\"Arctic Emotions\" \/>\n<meta property=\"article:publisher\" content=\"https:\/\/www.facebook.com\/arcticemotions\/\" \/>\n<meta property=\"article:modified_time\" content=\"2024-02-06T11:57:45+00:00\" \/>\n<meta name=\"twitter:card\" content=\"summary_large_image\" \/>\n<meta name=\"twitter:label1\" content=\"Estimated reading time\" \/>\n\t<meta name=\"twitter:data1\" content=\"1 minute\" \/>\n<script type=\"application\/ld+json\" class=\"yoast-schema-graph\">{\"@context\":\"https:\\\/\\\/schema.org\",\"@graph\":[{\"@type\":\"WebPage\",\"@id\":\"https:\\\/\\\/aedev.teesalonkisylvia.fi\\\/majoitus\",\"url\":\"https:\\\/\\\/aedev.teesalonkisylvia.fi\\\/majoitus\",\"name\":\"majoitus - Arctic Emotions\",\"isPartOf\":{\"@id\":\"https:\\\/\\\/aedev.teesalonkisylvia.fi\\\/#website\"},\"datePublished\":\"2023-03-22T15:06:52+00:00\",\"dateModified\":\"2024-02-06T11:57:45+00:00\",\"breadcrumb\":{\"@id\":\"https:\\\/\\\/aedev.teesalonkisylvia.fi\\\/majoitus#breadcrumb\"},\"inLanguage\":\"en-GB\",\"potentialAction\":[{\"@type\":\"ReadAction\",\"target\":[\"https:\\\/\\\/aedev.teesalonkisylvia.fi\\\/majoitus\"]}]},{\"@type\":\"BreadcrumbList\",\"@id\":\"https:\\\/\\\/aedev.teesalonkisylvia.fi\\\/majoitus#breadcrumb\",\"itemListElement\":[{\"@type\":\"ListItem\",\"position\":1,\"name\":\"Etusivu\",\"item\":\"https:\\\/\\\/arcticemotions.com\\\/\"},{\"@type\":\"ListItem\",\"position\":2,\"name\":\"majoitus\"}]},{\"@type\":\"WebSite\",\"@id\":\"https:\\\/\\\/aedev.teesalonkisylvia.fi\\\/#website\",\"url\":\"https:\\\/\\\/aedev.teesalonkisylvia.fi\\\/\",\"name\":\"Arctic Emotions\",\"description\":\"\",\"publisher\":{\"@id\":\"https:\\\/\\\/aedev.teesalonkisylvia.fi\\\/#organization\"},\"potentialAction\":[{\"@type\":\"SearchAction\",\"target\":{\"@type\":\"EntryPoint\",\"urlTemplate\":\"https:\\\/\\\/aedev.teesalonkisylvia.fi\\\/?s={search_term_string}\"},\"query-input\":{\"@type\":\"PropertyValueSpecification\",\"valueRequired\":true,\"valueName\":\"search_term_string\"}}],\"inLanguage\":\"en-GB\"},{\"@type\":\"Organization\",\"@id\":\"https:\\\/\\\/aedev.teesalonkisylvia.fi\\\/#organization\",\"name\":\"Arctic Emotions\",\"url\":\"https:\\\/\\\/aedev.teesalonkisylvia.fi\\\/\",\"logo\":{\"@type\":\"ImageObject\",\"inLanguage\":\"en-GB\",\"@id\":\"https:\\\/\\\/aedev.teesalonkisylvia.fi\\\/#\\\/schema\\\/logo\\\/image\\\/\",\"url\":\"https:\\\/\\\/arcticemotions.com\\\/wp-content\\\/uploads\\\/2023\\\/03\\\/cropped-cropped-cropped-arctic-emotions-logo-e1680251938161-1.png\",\"contentUrl\":\"https:\\\/\\\/arcticemotions.com\\\/wp-content\\\/uploads\\\/2023\\\/03\\\/cropped-cropped-cropped-arctic-emotions-logo-e1680251938161-1.png\",\"width\":512,\"height\":480,\"caption\":\"Arctic Emotions\"},\"image\":{\"@id\":\"https:\\\/\\\/aedev.teesalonkisylvia.fi\\\/#\\\/schema\\\/logo\\\/image\\\/\"},\"sameAs\":[\"https:\\\/\\\/www.facebook.com\\\/arcticemotions\\\/\",\"https:\\\/\\\/www.instagram.com\\\/arcticemotions\\\/\"]}]}<\/script>\n<!-- \/ Yoast SEO plugin. -->","yoast_head_json":{"title":"majoitus - Arctic Emotions","robots":{"index":"index","follow":"follow","max-snippet":"max-snippet:-1","max-image-preview":"max-image-preview:large","max-video-preview":"max-video-preview:-1"},"canonical":"https:\/\/aedev.teesalonkisylvia.fi\/majoitus","og_locale":"en_GB","og_type":"article","og_title":"majoitus - Arctic Emotions","og_description":"Majoitus Pajukent\u00e4n Majatalo tarjoaa aamiaismajoitusta p\u00e4\u00e4talon yl\u00e4kerrassa sek\u00e4 piham\u00f6kiss\u00e4. Majoitustilaa on kokonaisuudessa 8 hengelle.\u00a0 \u00a0 VARAUKSET: Yl\u00e4kertatilat\u00a05:lle\u00a0 (2+3) Romanttinen piham\u00f6kki kahdelle saunan kera. Tiedustelut s\u00e4hk\u00f6postilla tai puhelimitse. https:\/\/youtu.be\/PciZGFtph8U Arctic Emotions OyVaarakoskentie 6595340 Loue, Tervolainfo (at) arcticemotions.com \u00a0 S\u00e4hk\u00f6posti:first name (at) arcticemotions.com \u00a0 Elina Miettunen+358 (0)44 2388 977 Pauliina Myllyl\u00e4+358 (0)44 2389 000","og_url":"https:\/\/aedev.teesalonkisylvia.fi\/majoitus","og_site_name":"Arctic Emotions","article_publisher":"https:\/\/www.facebook.com\/arcticemotions\/","article_modified_time":"2024-02-06T11:57:45+00:00","twitter_card":"summary_large_image","twitter_misc":{"Estimated reading time":"1 minute"},"schema":{"@context":"https:\/\/schema.org","@graph":[{"@type":"WebPage","@id":"https:\/\/aedev.teesalonkisylvia.fi\/majoitus","url":"https:\/\/aedev.teesalonkisylvia.fi\/majoitus","name":"majoitus - Arctic Emotions","isPartOf":{"@id":"https:\/\/aedev.teesalonkisylvia.fi\/#website"},"datePublished":"2023-03-22T15:06:52+00:00","dateModified":"2024-02-06T11:57:45+00:00","breadcrumb":{"@id":"https:\/\/aedev.teesalonkisylvia.fi\/majoitus#breadcrumb"},"inLanguage":"en-GB","potentialAction":[{"@type":"ReadAction","target":["https:\/\/aedev.teesalonkisylvia.fi\/majoitus"]}]},{"@type":"BreadcrumbList","@id":"https:\/\/aedev.teesalonkisylvia.fi\/majoitus#breadcrumb","itemListElement":[{"@type":"ListItem","position":1,"name":"Etusivu","item":"https:\/\/arcticemotions.com\/"},{"@type":"ListItem","position":2,"name":"majoitus"}]},{"@type":"WebSite","@id":"https:\/\/aedev.teesalonkisylvia.fi\/#website","url":"https:\/\/aedev.teesalonkisylvia.fi\/","name":"Arctic Emotions","description":"","publisher":{"@id":"https:\/\/aedev.teesalonkisylvia.fi\/#organization"},"potentialAction":[{"@type":"SearchAction","target":{"@type":"EntryPoint","urlTemplate":"https:\/\/aedev.teesalonkisylvia.fi\/?s={search_term_string}"},"query-input":{"@type":"PropertyValueSpecification","valueRequired":true,"valueName":"search_term_string"}}],"inLanguage":"en-GB"},{"@type":"Organization","@id":"https:\/\/aedev.teesalonkisylvia.fi\/#organization","name":"Arctic Emotions","url":"https:\/\/aedev.teesalonkisylvia.fi\/","logo":{"@type":"ImageObject","inLanguage":"en-GB","@id":"https:\/\/aedev.teesalonkisylvia.fi\/#\/schema\/logo\/image\/","url":"https:\/\/arcticemotions.com\/wp-content\/uploads\/2023\/03\/cropped-cropped-cropped-arctic-emotions-logo-e1680251938161-1.png","contentUrl":"https:\/\/arcticemotions.com\/wp-content\/uploads\/2023\/03\/cropped-cropped-cropped-arctic-emotions-logo-e1680251938161-1.png","width":512,"height":480,"caption":"Arctic Emotions"},"image":{"@id":"https:\/\/aedev.teesalonkisylvia.fi\/#\/schema\/logo\/image\/"},"sameAs":["https:\/\/www.facebook.com\/arcticemotions\/","https:\/\/www.instagram.com\/arcticemotions\/"]}]}},"_links":{"self":[{"href":"https:\/\/arcticemotions.com\/en\/wp-json\/wp\/v2\/pages\/1541","targetHints":{"allow":["GET"]}}],"collection":[{"href":"https:\/\/arcticemotions.com\/en\/wp-json\/wp\/v2\/pages"}],"about":[{"href":"https:\/\/arcticemotions.com\/en\/wp-json\/wp\/v2\/types\/page"}],"author":[{"embeddable":true,"href":"https:\/\/arcticemotions.com\/en\/wp-json\/wp\/v2\/users\/1"}],"replies":[{"embeddable":true,"href":"https:\/\/arcticemotions.com\/en\/wp-json\/wp\/v2\/comments?post=1541"}],"version-history":[{"count":37,"href":"https:\/\/arcticemotions.com\/en\/wp-json\/wp\/v2\/pages\/1541\/revisions"}],"predecessor-version":[{"id":2677,"href":"https:\/\/arcticemotions.com\/en\/wp-json\/wp\/v2\/pages\/1541\/revisions\/2677"}],"wp:attachment":[{"href":"https:\/\/arcticemotions.com\/en\/wp-json\/wp\/v2\/media?parent=1541"}],"curies":[{"name":"wp","href":"https:\/\/api.w.org\/{rel}","templated":true}]}}